{"id":2077,"date":"2020-10-01T14:54:42","date_gmt":"2020-10-01T14:54:42","guid":{"rendered":"https:\/\/mldevco.ca\/?page_id=2077"},"modified":"2022-01-21T12:40:55","modified_gmt":"2022-01-21T17:40:55","slug":"developpements-actuels","status":"publish","type":"page","link":"https:\/\/magil-laurentian.com\/fr\/developpements-actuels\/","title":{"rendered":"D\u00c9VELOPPEMENTS ACTUELS"},"content":{"rendered":"\t\t<div data-elementor-type=\"wp-post\" data-elementor-id=\"2077\" class=\"elementor elementor-2077 elementor-1408\">\n\t\t\t\t\t\t<section class=\"elementor-section elementor-top-section elementor-element elementor-element-ae5c8de elementor-section-height-min-height elementor-section-items-bottom elementor-section-boxed elementor-section-height-default\" data-id=\"ae5c8de\" data-element_type=\"section\" data-settings=\"{&quot;jet_parallax_layout_list&quot;:[{&quot;jet_parallax_layout_image&quot;:{&quot;url&quot;:&quot;&quot;,&quot;id&quot;:&quot;&quot;,&quot;size&quot;:&quot;&quot;},&quot;_id&quot;:&quot;df318b4&quot;,&quot;jet_parallax_layout_speed&quot;:{&quot;unit&quot;:&quot;%&quot;,&quot;size&quot;:&quot;50&quot;,&quot;sizes&quot;:[]},&quot;jet_parallax_layout_bg_x&quot;:&quot;50&quot;,&quot;jet_parallax_layout_bg_y&quot;:&quot;50&quot;,&quot;jet_parallax_layout_image_tablet&quot;:{&quot;url&quot;:&quot;&quot;,&quot;id&quot;:&quot;&quot;,&quot;size&quot;:&quot;&quot;},&quot;jet_parallax_layout_image_mobile&quot;:{&quot;url&quot;:&quot;&quot;,&quot;id&quot;:&quot;&quot;,&quot;size&quot;:&quot;&quot;},&quot;jet_parallax_layout_type&quot;:&quot;scroll&quot;,&quot;jet_parallax_layout_direction&quot;:null,&quot;jet_parallax_layout_fx_direction&quot;:null,&quot;jet_parallax_layout_z_index&quot;:&quot;&quot;,&quot;jet_parallax_layout_bg_x_tablet&quot;:&quot;&quot;,&quot;jet_parallax_layout_bg_x_mobile&quot;:&quot;&quot;,&quot;jet_parallax_layout_bg_y_tablet&quot;:&quot;&quot;,&quot;jet_parallax_layout_bg_y_mobile&quot;:&quot;&quot;,&quot;jet_parallax_layout_bg_size&quot;:&quot;auto&quot;,&quot;jet_parallax_layout_bg_size_tablet&quot;:&quot;&quot;,&quot;jet_parallax_layout_bg_size_mobile&quot;:&quot;&quot;,&quot;jet_parallax_layout_animation_prop&quot;:&quot;transform&quot;,&quot;jet_parallax_layout_on&quot;:[&quot;desktop&quot;,&quot;tablet&quot;]}],&quot;background_background&quot;:&quot;classic&quot;}\">\n\t\t\t\t\t\t<div class=\"elementor-container elementor-column-gap-default\">\n\t\t\t\t\t<div class=\"elementor-column elementor-col-100 elementor-top-column elementor-element elementor-element-e4b8d5a\" data-id=\"e4b8d5a\" data-element_type=\"column\">\n\t\t\t<div class=\"elementor-widget-wrap elementor-element-populated\">\n\t\t\t\t\t\t<div class=\"elementor-element elementor-element-17231d8 elementor-mobile-align-left elementor-align-left elementor-widget elementor-widget-raven-heading\" data-id=\"17231d8\" data-element_type=\"widget\" data-widget_type=\"raven-heading.default\">\n\t\t\t\t<div class=\"elementor-widget-container\">\n\t\t\t\t\t<div class=\"raven-widget-wrapper\"><p class=\"raven-heading raven-heading-p\"><span class=\"raven-heading-title \">D\u00c9VELOPPEMENTS ACTUELS<\/span><\/p><\/div>\n\t\t\t\t<\/div>\n\t\t\t\t<\/div>\n\t\t\t\t\t<\/div>\n\t\t<\/div>\n\t\t\t\t\t<\/div>\n\t\t<\/section>\n\t\t\t\t<section class=\"elementor-section elementor-top-section elementor-element elementor-element-1bc95a5 elementor-section-boxed elementor-section-height-default elementor-section-height-default\" data-id=\"1bc95a5\" data-element_type=\"section\" data-settings=\"{&quot;jet_parallax_layout_list&quot;:[{&quot;jet_parallax_layout_image&quot;:{&quot;url&quot;:&quot;&quot;,&quot;id&quot;:&quot;&quot;,&quot;size&quot;:&quot;&quot;},&quot;_id&quot;:&quot;8de0979&quot;,&quot;jet_parallax_layout_image_tablet&quot;:{&quot;url&quot;:&quot;&quot;,&quot;id&quot;:&quot;&quot;,&quot;size&quot;:&quot;&quot;},&quot;jet_parallax_layout_image_mobile&quot;:{&quot;url&quot;:&quot;&quot;,&quot;id&quot;:&quot;&quot;,&quot;size&quot;:&quot;&quot;},&quot;jet_parallax_layout_speed&quot;:{&quot;unit&quot;:&quot;%&quot;,&quot;size&quot;:50,&quot;sizes&quot;:[]},&quot;jet_parallax_layout_type&quot;:&quot;scroll&quot;,&quot;jet_parallax_layout_direction&quot;:null,&quot;jet_parallax_layout_fx_direction&quot;:null,&quot;jet_parallax_layout_z_index&quot;:&quot;&quot;,&quot;jet_parallax_layout_bg_x&quot;:50,&quot;jet_parallax_layout_bg_x_tablet&quot;:&quot;&quot;,&quot;jet_parallax_layout_bg_x_mobile&quot;:&quot;&quot;,&quot;jet_parallax_layout_bg_y&quot;:50,&quot;jet_parallax_layout_bg_y_tablet&quot;:&quot;&quot;,&quot;jet_parallax_layout_bg_y_mobile&quot;:&quot;&quot;,&quot;jet_parallax_layout_bg_size&quot;:&quot;auto&quot;,&quot;jet_parallax_layout_bg_size_tablet&quot;:&quot;&quot;,&quot;jet_parallax_layout_bg_size_mobile&quot;:&quot;&quot;,&quot;jet_parallax_layout_animation_prop&quot;:&quot;transform&quot;,&quot;jet_parallax_layout_on&quot;:[&quot;desktop&quot;,&quot;tablet&quot;]}]}\">\n\t\t\t\t\t\t<div class=\"elementor-container elementor-column-gap-wide\">\n\t\t\t\t\t<div class=\"elementor-column elementor-col-50 elementor-top-column elementor-element elementor-element-be6d085\" data-id=\"be6d085\" data-element_type=\"column\">\n\t\t\t<div class=\"elementor-widget-wrap elementor-element-populated\">\n\t\t\t\t\t\t<div class=\"elementor-element elementor-element-e9714f5 elementor-mobile-align-left elementor-align-left elementor-widget elementor-widget-raven-heading\" data-id=\"e9714f5\" data-element_type=\"widget\" data-widget_type=\"raven-heading.default\">\n\t\t\t\t<div class=\"elementor-widget-container\">\n\t\t\t\t\t<div class=\"raven-widget-wrapper\"><h1 class=\"raven-heading raven-heading-h1\"><span class=\"raven-heading-title \">979 rue Wellington ouest<\/span><\/h1><\/div>\n\t\t\t\t<\/div>\n\t\t\t\t<\/div>\n\t\t\t\t<div class=\"elementor-element elementor-element-f30707f elementor-align-left elementor-widget elementor-widget-raven-heading\" data-id=\"f30707f\" data-element_type=\"widget\" data-widget_type=\"raven-heading.default\">\n\t\t\t\t<div class=\"elementor-widget-container\">\n\t\t\t\t\t<div class=\"raven-widget-wrapper\"><div class=\"raven-heading raven-heading-div\"><span class=\"raven-heading-title \">Ottawa (Ontario)<\/span><\/div><\/div>\n\t\t\t\t<\/div>\n\t\t\t\t<\/div>\n\t\t\t\t<div class=\"elementor-element elementor-element-b3b72e3 elementor-widget elementor-widget-text-editor\" data-id=\"b3b72e3\" data-element_type=\"widget\" data-widget_type=\"text-editor.default\">\n\t\t\t\t<div class=\"elementor-widget-container\">\n\t\t\t\t\t\t\t<p>Images pr\u00e9liminaires \u00e0 titre indicatif seulement.<\/p>\t\t\t\t\t\t<\/div>\n\t\t\t\t<\/div>\n\t\t\t\t<div class=\"elementor-element elementor-element-dc440bd elementor-widget elementor-widget-jet-animated-box\" data-id=\"dc440bd\" data-element_type=\"widget\" data-widget_type=\"jet-animated-box.default\">\n\t\t\t\t<div class=\"elementor-widget-container\">\n\t\t\t<div class=\"elementor-jet-animated-box jet-elements\"><div id=\"jet-animated-box-dc440bd\" class=\"jet-animated-box jet-box-effect-10\" data-settings='{\"widgetId\":\"dc440bd\",\"switchEventType\":\"hover\",\"paperFoldDirection\":\"left\",\"slideOutDirection\":\"left\",\"peelCornerPosition\":\"right\"}'>\n\t<div id=\"jet-animated-box__front-dc440bd\" class=\"jet-animated-box__front\">\n\t\t<div class=\"jet-animated-box__inner\"><div class=\"jet-animated-box__content\"><\/div><\/div>\n\t\t<div class=\"jet-animated-box__overlay\"><\/div><\/div>\n\t<div id=\"jet-animated-box__back-dc440bd\" class=\"jet-animated-box__back\">\n\t\t<div class=\"jet-animated-box__inner\"><div class=\"jet-animated-box__content\"><h4 class=\"jet-animated-box__subtitle jet-animated-box__subtitle--back\">Le projet s\u2019\u00e9tale sur la pointe de Hintonburg \u00e0 l\u2019ouest du centre-ville d\u2019Ottawa, de la Petite Italie, des appartements Lebreton et du quartier chinois. Le quartier est constitu\u00e9 d\u2019un m\u00e9lange \u00e9clectique de micro-brasseurs locaux, de restaurants et de boutiques. Se trouvant plus pr\u00e9cis\u00e9ment au coin des rues Wellington et Somerset Ouest, cet \u00eelot urbain en est aux stades pr\u00e9liminaires; on pr\u00e9voit en effet d\u2019y construire 283 unit\u00e9s locatives sous forme de commerces et de maisons en rang\u00e9es au niveau de la rue. L\u2019endroit est id\u00e9alement situ\u00e9 \u00e0 moins de 550 m\u00e8tres de la station Bayview LRT (la seule station \u00e0 Ottawa qui combine les lignes Trillium et Conf\u00e9d\u00e9ration) et \u00e0 quelques minutes du vaste r\u00e9seau de pistes cyclables le long des rivi\u00e8res Ottawa et Rideau.<\/h4><a class=\"elementor-button elementor-size-md jet-animated-box__button jet-animated-box__button--back jet-animated-box__button--icon-after\" href=\"https:\/\/magil-laurentian.com\/fr\/developpements-actuels\/979-rue-wellington-ouest\/\"><span class=\"jet-animated-box__button-text\">SAVOIR PLUS<\/span><span class=\"jet-animated-box__button-icon jet-elements-icon\"><i aria-hidden=\"true\" class=\"fas fa-long-arrow-alt-right\"><\/i><\/span><\/a>\n\n<\/div><\/div>\n\t\t<div class=\"jet-animated-box__overlay\"><\/div><\/div>\n<\/div>\n<\/div>\t\t<\/div>\n\t\t\t\t<\/div>\n\t\t\t\t\t<\/div>\n\t\t<\/div>\n\t\t\t\t<div class=\"elementor-column elementor-col-50 elementor-top-column elementor-element elementor-element-32e37a0\" data-id=\"32e37a0\" data-element_type=\"column\">\n\t\t\t<div class=\"elementor-widget-wrap elementor-element-populated\">\n\t\t\t\t\t\t<div class=\"elementor-element elementor-element-31d082c elementor-mobile-align-left elementor-align-left elementor-widget elementor-widget-raven-heading\" data-id=\"31d082c\" data-element_type=\"widget\" data-widget_type=\"raven-heading.default\">\n\t\t\t\t<div class=\"elementor-widget-container\">\n\t\t\t\t\t<div class=\"raven-widget-wrapper\"><h1 class=\"raven-heading raven-heading-h1\"><span class=\"raven-heading-title \">The Westmount<\/span><\/h1><\/div>\n\t\t\t\t<\/div>\n\t\t\t\t<\/div>\n\t\t\t\t<div class=\"elementor-element elementor-element-c103175 elementor-align-left elementor-widget elementor-widget-raven-heading\" data-id=\"c103175\" data-element_type=\"widget\" data-widget_type=\"raven-heading.default\">\n\t\t\t\t<div class=\"elementor-widget-container\">\n\t\t\t\t\t<div class=\"raven-widget-wrapper\"><div class=\"raven-heading raven-heading-div\"><span class=\"raven-heading-title \">Ottawa (Ontario)<\/span><\/div><\/div>\n\t\t\t\t<\/div>\n\t\t\t\t<\/div>\n\t\t\t\t<div class=\"elementor-element elementor-element-238dc9b elementor-widget elementor-widget-text-editor\" data-id=\"238dc9b\" data-element_type=\"widget\" data-widget_type=\"text-editor.default\">\n\t\t\t\t<div class=\"elementor-widget-container\">\n\t\t\t\t\t\t\t<p>Images pr\u00e9liminaires \u00e0 titre indicatif seulement.<\/p>\t\t\t\t\t\t<\/div>\n\t\t\t\t<\/div>\n\t\t\t\t<div class=\"elementor-element elementor-element-182ced8 elementor-widget elementor-widget-jet-animated-box\" data-id=\"182ced8\" data-element_type=\"widget\" data-widget_type=\"jet-animated-box.default\">\n\t\t\t\t<div class=\"elementor-widget-container\">\n\t\t\t<div class=\"elementor-jet-animated-box jet-elements\"><div id=\"jet-animated-box-182ced8\" class=\"jet-animated-box jet-box-effect-10\" data-settings='{\"widgetId\":\"182ced8\",\"switchEventType\":\"hover\",\"paperFoldDirection\":\"left\",\"slideOutDirection\":\"left\",\"peelCornerPosition\":\"right\"}'>\n\t<div id=\"jet-animated-box__front-182ced8\" class=\"jet-animated-box__front\">\n\t\t<div class=\"jet-animated-box__inner\"><div class=\"jet-animated-box__content\"><\/div><\/div>\n\t\t<div class=\"jet-animated-box__overlay\"><\/div><\/div>\n\t<div id=\"jet-animated-box__back-182ced8\" class=\"jet-animated-box__back\">\n\t\t<div class=\"jet-animated-box__inner\"><div class=\"jet-animated-box__content\"><h4 class=\"jet-animated-box__subtitle jet-animated-box__subtitle--back\">Nous sommes heureuses de pr\u00e9senter The Westmount, un superbe condominium exclusif de 28 suites sur six \u00e9tages con\u00e7u par le c\u00e9l\u00e8bre architecte d'Ottawa Roderick Lahey. Situ\u00e9es \u00e0 Westboro, l'un des quartiers les plus recherch\u00e9s d'Ottawa, chaque suite \u00e9l\u00e9gante pr\u00e9sente des plafonds de 10 pieds, des balcons spacieux et des finitions sophistiqu\u00e9es.<\/h4><a class=\"elementor-button elementor-size-md jet-animated-box__button jet-animated-box__button--back jet-animated-box__button--icon-after\" href=\"https:\/\/magil-laurentian.com\/fr\/developpements-actuels\/the-westmount\/\"><span class=\"jet-animated-box__button-text\">SAVOIR PLUS<\/span><span class=\"jet-animated-box__button-icon jet-elements-icon\"><i aria-hidden=\"true\" class=\"fas fa-long-arrow-alt-right\"><\/i><\/span><\/a>\n\n<\/div><\/div>\n\t\t<div class=\"jet-animated-box__overlay\"><\/div><\/div>\n<\/div>\n<\/div>\t\t<\/div>\n\t\t\t\t<\/div>\n\t\t\t\t\t<\/div>\n\t\t<\/div>\n\t\t\t\t\t<\/div>\n\t\t<\/section>\n\t\t\t\t<section class=\"elementor-section elementor-top-section elementor-element elementor-element-7d70c8e elementor-hidden-desktop elementor-hidden-tablet elementor-hidden-mobile elementor-section-boxed elementor-section-height-default elementor-section-height-default\" data-id=\"7d70c8e\" data-element_type=\"section\" data-settings=\"{&quot;jet_parallax_layout_list&quot;:[{&quot;_id&quot;:&quot;4eecce6&quot;,&quot;jet_parallax_layout_image&quot;:{&quot;url&quot;:&quot;&quot;,&quot;id&quot;:&quot;&quot;,&quot;size&quot;:&quot;&quot;},&quot;jet_parallax_layout_image_tablet&quot;:{&quot;url&quot;:&quot;&quot;,&quot;id&quot;:&quot;&quot;,&quot;size&quot;:&quot;&quot;},&quot;jet_parallax_layout_image_mobile&quot;:{&quot;url&quot;:&quot;&quot;,&quot;id&quot;:&quot;&quot;,&quot;size&quot;:&quot;&quot;},&quot;jet_parallax_layout_speed&quot;:{&quot;unit&quot;:&quot;%&quot;,&quot;size&quot;:50,&quot;sizes&quot;:[]},&quot;jet_parallax_layout_type&quot;:&quot;scroll&quot;,&quot;jet_parallax_layout_direction&quot;:null,&quot;jet_parallax_layout_fx_direction&quot;:null,&quot;jet_parallax_layout_z_index&quot;:&quot;&quot;,&quot;jet_parallax_layout_bg_x&quot;:50,&quot;jet_parallax_layout_bg_x_tablet&quot;:&quot;&quot;,&quot;jet_parallax_layout_bg_x_mobile&quot;:&quot;&quot;,&quot;jet_parallax_layout_bg_y&quot;:50,&quot;jet_parallax_layout_bg_y_tablet&quot;:&quot;&quot;,&quot;jet_parallax_layout_bg_y_mobile&quot;:&quot;&quot;,&quot;jet_parallax_layout_bg_size&quot;:&quot;auto&quot;,&quot;jet_parallax_layout_bg_size_tablet&quot;:&quot;&quot;,&quot;jet_parallax_layout_bg_size_mobile&quot;:&quot;&quot;,&quot;jet_parallax_layout_animation_prop&quot;:&quot;transform&quot;,&quot;jet_parallax_layout_on&quot;:[&quot;desktop&quot;,&quot;tablet&quot;]}],&quot;background_background&quot;:&quot;classic&quot;}\">\n\t\t\t\t\t\t<div class=\"elementor-container elementor-column-gap-wide\">\n\t\t\t\t\t<div class=\"elementor-column elementor-col-50 elementor-top-column elementor-element elementor-element-d0b03dc\" data-id=\"d0b03dc\" data-element_type=\"column\" data-settings=\"{&quot;background_background&quot;:&quot;classic&quot;}\">\n\t\t\t<div class=\"elementor-widget-wrap elementor-element-populated\">\n\t\t\t\t\t\t<div class=\"elementor-element elementor-element-23af4e0 elementor-widget elementor-widget-image\" data-id=\"23af4e0\" data-element_type=\"widget\" data-widget_type=\"image.default\">\n\t\t\t\t<div class=\"elementor-widget-container\">\n\t\t\t\t\t\t\t\t\t\t\t\t\t<img fetchpriority=\"high\" decoding=\"async\" width=\"1024\" height=\"392\" src=\"https:\/\/magil-laurentian.com\/wp-content\/uploads\/2021\/12\/MLDevCo_TheWestmount_Logo_FINAL-7581-1024x392.png\" class=\"attachment-large size-large wp-image-3150\" alt=\"\" srcset=\"https:\/\/magil-laurentian.com\/wp-content\/uploads\/2021\/12\/MLDevCo_TheWestmount_Logo_FINAL-7581-1024x392.png 1024w, https:\/\/magil-laurentian.com\/wp-content\/uploads\/2021\/12\/MLDevCo_TheWestmount_Logo_FINAL-7581-300x115.png 300w, https:\/\/magil-laurentian.com\/wp-content\/uploads\/2021\/12\/MLDevCo_TheWestmount_Logo_FINAL-7581-768x294.png 768w, https:\/\/magil-laurentian.com\/wp-content\/uploads\/2021\/12\/MLDevCo_TheWestmount_Logo_FINAL-7581-1536x588.png 1536w, https:\/\/magil-laurentian.com\/wp-content\/uploads\/2021\/12\/MLDevCo_TheWestmount_Logo_FINAL-7581.png 1801w\" sizes=\"(max-width: 1024px) 100vw, 1024px\" \/>\t\t\t\t\t\t\t\t\t\t\t\t\t<\/div>\n\t\t\t\t<\/div>\n\t\t\t\t<div class=\"elementor-element elementor-element-14b8138 elementor-widget-divider--view-line elementor-widget elementor-widget-divider\" data-id=\"14b8138\" data-element_type=\"widget\" data-widget_type=\"divider.default\">\n\t\t\t\t<div class=\"elementor-widget-container\">\n\t\t\t\t\t<div class=\"elementor-divider\">\n\t\t\t<span class=\"elementor-divider-separator\">\n\t\t\t\t\t\t<\/span>\n\t\t<\/div>\n\t\t\t\t<\/div>\n\t\t\t\t<\/div>\n\t\t\t\t<div class=\"elementor-element elementor-element-0fde7a1 elementor-mobile-align-center elementor-align-center elementor-widget elementor-widget-raven-heading\" data-id=\"0fde7a1\" data-element_type=\"widget\" data-widget_type=\"raven-heading.default\">\n\t\t\t\t<div class=\"elementor-widget-container\">\n\t\t\t\t\t<div class=\"raven-widget-wrapper\"><h1 class=\"raven-heading raven-heading-h1\"><span class=\"raven-heading-title \">\u00c0 venir bient\u00f4t<\/span><\/h1><\/div>\n\t\t\t\t<\/div>\n\t\t\t\t<\/div>\n\t\t\t\t<div class=\"elementor-element elementor-element-bb9cba0 elementor-align-center elementor-widget elementor-widget-raven-heading\" data-id=\"bb9cba0\" data-element_type=\"widget\" data-widget_type=\"raven-heading.default\">\n\t\t\t\t<div class=\"elementor-widget-container\">\n\t\t\t\t\t<div class=\"raven-widget-wrapper\"><div class=\"raven-heading raven-heading-div\"><span class=\"raven-heading-title \">Ensemble r\u00e9sidentiel boutique de six \u00e9tages.<\/span><\/div><\/div>\n\t\t\t\t<\/div>\n\t\t\t\t<\/div>\n\t\t\t\t<div class=\"elementor-element elementor-element-9ec870c elementor-widget elementor-widget-text-editor\" data-id=\"9ec870c\" data-element_type=\"widget\" data-widget_type=\"text-editor.default\">\n\t\t\t\t<div class=\"elementor-widget-container\">\n\t\t\t\t\t\t\t<p>398-406, avenue Roosevelt, Ottawa (Ontario)<\/p>\t\t\t\t\t\t<\/div>\n\t\t\t\t<\/div>\n\t\t\t\t<div class=\"elementor-element elementor-element-9852f60 elementor-align-center elementor-widget elementor-widget-button\" data-id=\"9852f60\" data-element_type=\"widget\" data-widget_type=\"button.default\">\n\t\t\t\t<div class=\"elementor-widget-container\">\n\t\t\t\t\t<div class=\"elementor-button-wrapper\">\n\t\t\t<a class=\"elementor-button elementor-button-link elementor-size-xs\" href=\"http:\/\/thewestmountcondo.com\" target=\"_blank\">\n\t\t\t\t\t\t<span class=\"elementor-button-content-wrapper\">\n\t\t\t\t\t\t<span class=\"elementor-button-text\">visiter le site web<\/span>\n\t\t<\/span>\n\t\t\t\t\t<\/a>\n\t\t<\/div>\n\t\t\t\t<\/div>\n\t\t\t\t<\/div>\n\t\t\t\t\t<\/div>\n\t\t<\/div>\n\t\t\t\t<div class=\"elementor-column elementor-col-50 elementor-top-column elementor-element elementor-element-e29ff34\" data-id=\"e29ff34\" data-element_type=\"column\">\n\t\t\t<div class=\"elementor-widget-wrap elementor-element-populated\">\n\t\t\t\t\t\t<div class=\"elementor-element elementor-element-e25d7c1 elementor-arrows-position-inside elementor-widget elementor-widget-image-carousel\" data-id=\"e25d7c1\" data-element_type=\"widget\" data-settings=\"{&quot;slides_to_show&quot;:&quot;1&quot;,&quot;slides_to_show_tablet&quot;:&quot;1&quot;,&quot;slides_to_show_mobile&quot;:&quot;1&quot;,&quot;navigation&quot;:&quot;arrows&quot;,&quot;pause_on_hover&quot;:&quot;no&quot;,&quot;pause_on_interaction&quot;:&quot;no&quot;,&quot;autoplay&quot;:&quot;yes&quot;,&quot;autoplay_speed&quot;:5000,&quot;infinite&quot;:&quot;yes&quot;,&quot;effect&quot;:&quot;slide&quot;,&quot;speed&quot;:500}\" data-widget_type=\"image-carousel.default\">\n\t\t\t\t<div class=\"elementor-widget-container\">\n\t\t\t\t\t<div class=\"elementor-image-carousel-wrapper swiper-container\" dir=\"ltr\">\n\t\t\t<div class=\"elementor-image-carousel swiper-wrapper swiper-image-stretch\" aria-live=\"off\">\n\t\t\t\t\t\t\t\t<div class=\"swiper-slide\" role=\"group\" aria-roledescription=\"slide\" aria-label=\"1 sur 3\"><figure class=\"swiper-slide-inner\"><img decoding=\"async\" class=\"swiper-slide-image\" src=\"https:\/\/magil-laurentian.com\/wp-content\/uploads\/2021\/12\/Enscape_2021-11-26-19-08-29-web.jpg\" alt=\"Enscape_2021-11-26-19-08-29-web.jpg\" \/><\/figure><\/div><div class=\"swiper-slide\" role=\"group\" aria-roledescription=\"slide\" aria-label=\"2 sur 3\"><figure class=\"swiper-slide-inner\"><img decoding=\"async\" class=\"swiper-slide-image\" src=\"https:\/\/magil-laurentian.com\/wp-content\/uploads\/2021\/12\/Enscape_2021-12-02-16-58-33-web.jpg\" alt=\"Enscape_2021-12-02-16-58-33-web.jpg\" \/><\/figure><\/div><div class=\"swiper-slide\" role=\"group\" aria-roledescription=\"slide\" aria-label=\"3 sur 3\"><figure class=\"swiper-slide-inner\"><img decoding=\"async\" class=\"swiper-slide-image\" src=\"https:\/\/magil-laurentian.com\/wp-content\/uploads\/2021\/12\/Enscape_2021-12-02-17-13-22-web.jpg\" alt=\"Enscape_2021-12-02-17-13-22-web.jpg\" \/><\/figure><\/div>\t\t\t<\/div>\n\t\t\t\t\t\t\t\t\t\t\t\t<div class=\"elementor-swiper-button elementor-swiper-button-prev\" role=\"button\" tabindex=\"0\">\n\t\t\t\t\t\t<i aria-hidden=\"true\" class=\"eicon-chevron-left\"><\/i>\t\t\t\t\t<\/div>\n\t\t\t\t\t<div class=\"elementor-swiper-button elementor-swiper-button-next\" role=\"button\" tabindex=\"0\">\n\t\t\t\t\t\t<i aria-hidden=\"true\" class=\"eicon-chevron-right\"><\/i>\t\t\t\t\t<\/div>\n\t\t\t\t\n\t\t\t\t\t\t\t\t\t<\/div>\n\t\t\t\t<\/div>\n\t\t\t\t<\/div>\n\t\t\t\t\t<\/div>\n\t\t<\/div>\n\t\t\t\t\t<\/div>\n\t\t<\/section>\n\t\t\t\t<\/div>\n\t\t","protected":false},"excerpt":{"rendered":"<p>D\u00c9VELOPPEMENTS ACTUELS 979 rue Wellington ouest Ottawa (Ontario) Images pr\u00e9liminaires \u00e0 titre indicatif seulement. Le projet s\u2019\u00e9tale sur la pointe de Hintonburg \u00e0 l\u2019ouest du centre-ville d\u2019Ottawa, de la Petite Italie, des appartements Lebreton et du quartier chinois. Le quartier est constitu\u00e9 d\u2019un m\u00e9lange \u00e9clectique de micro-brasseurs locaux, de restaurants et de boutiques. Se trouvant [&hellip;]<\/p>\n","protected":false},"author":1,"featured_media":0,"parent":0,"menu_order":0,"comment_status":"closed","ping_status":"closed","template":"elementor_header_footer","meta":{"_acf_changed":false,"footnotes":""},"acf":[],"_links":{"self":[{"href":"https:\/\/magil-laurentian.com\/fr\/wp-json\/wp\/v2\/pages\/2077"}],"collection":[{"href":"https:\/\/magil-laurentian.com\/fr\/wp-json\/wp\/v2\/pages"}],"about":[{"href":"https:\/\/magil-laurentian.com\/fr\/wp-json\/wp\/v2\/types\/page"}],"author":[{"embeddable":true,"href":"https:\/\/magil-laurentian.com\/fr\/wp-json\/wp\/v2\/users\/1"}],"replies":[{"embeddable":true,"href":"https:\/\/magil-laurentian.com\/fr\/wp-json\/wp\/v2\/comments?post=2077"}],"version-history":[{"count":46,"href":"https:\/\/magil-laurentian.com\/fr\/wp-json\/wp\/v2\/pages\/2077\/revisions"}],"predecessor-version":[{"id":3329,"href":"https:\/\/magil-laurentian.com\/fr\/wp-json\/wp\/v2\/pages\/2077\/revisions\/3329"}],"wp:attachment":[{"href":"https:\/\/magil-laurentian.com\/fr\/wp-json\/wp\/v2\/media?parent=2077"}],"curies":[{"name":"wp","href":"https:\/\/api.w.org\/{rel}","templated":true}]}}